{"id":6855,"date":"2023-06-29T17:41:47","date_gmt":"2023-06-29T15:41:47","guid":{"rendered":"https:\/\/www.multicam-systems.com\/mcam-fix\/"},"modified":"2024-06-13T10:12:22","modified_gmt":"2024-06-13T08:12:22","slug":"mcam-fix","status":"publish","type":"page","link":"https:\/\/dev.multicam-systems.com\/fr\/mcam-fix\/","title":{"rendered":"mCAM FIX"},"content":{"rendered":"\t\t<div data-elementor-type=\"wp-page\" data-elementor-id=\"6855\" class=\"elementor elementor-6855 elementor-1292\" data-elementor-post-type=\"page\">\n\t\t\t\t<div class=\"has_eae_slider elementor-element elementor-element-31c2ffc7 e-flex e-con-boxed e-con e-parent\" data-id=\"31c2ffc7\" data-element_type=\"container\" data-settings=\"{&quot;background_background&quot;:&quot;classic&quot;}\">\n\t\t\t\t\t<div class=\"e-con-inner\">\n\t\t\t\t<div class=\"elementor-element elementor-element-70b6569d elementor-invisible elementor-widget elementor-widget-heading\" data-id=\"70b6569d\" data-element_type=\"widget\" data-settings=\"{&quot;_animation&quot;:&quot;fadeIn&quot;}\" data-widget_type=\"heading.default\">\n\t\t\t\t<div class=\"elementor-widget-container\">\n\t\t\t<h2 class=\"elementor-heading-title elementor-size-default\">mCAM FIX<\/h2>\t\t<\/div>\n\t\t\t\t<\/div>\n\t\t\t\t<div class=\"elementor-element elementor-element-191fac5b elementor-invisible elementor-widget elementor-widget-text-editor\" data-id=\"191fac5b\" data-element_type=\"widget\" data-settings=\"{&quot;_animation&quot;:&quot;fadeIn&quot;,&quot;_animation_delay&quot;:300}\" data-widget_type=\"text-editor.default\">\n\t\t\t\t<div class=\"elementor-widget-container\">\n\t\t\t\t\t\t\t<p>Plan large \u00e0 partir d&rsquo;un petit appareil<\/p>\n\t\t\t\t\t\t<\/div>\n\t\t\t\t<\/div>\n\t\t\t\t\t<\/div>\n\t\t\t\t<\/div>\n\t\t<div class=\"has_eae_slider elementor-element elementor-element-2606385f e-flex e-con-boxed e-con e-parent\" data-id=\"2606385f\" data-element_type=\"container\">\n\t\t\t\t\t<div class=\"e-con-inner\">\n\t\t<div class=\"has_eae_slider elementor-element elementor-element-2fc6945f e-flex e-con-boxed elementor-invisible e-con e-child\" data-id=\"2fc6945f\" data-element_type=\"container\" data-settings=\"{&quot;animation&quot;:&quot;fadeInLeft&quot;}\">\n\t\t\t\t\t<div class=\"e-con-inner\">\n\t\t\t\t<div class=\"elementor-element elementor-element-26696de5 elementor-widget elementor-widget-image\" data-id=\"26696de5\" data-element_type=\"widget\" data-widget_type=\"image.default\">\n\t\t\t\t<div class=\"elementor-widget-container\">\n\t\t\t\t\t\t\t\t\t\t\t\t\t<img fetchpriority=\"high\" decoding=\"async\" width=\"469\" height=\"379\" src=\"https:\/\/dev.multicam-systems.com\/wp-content\/uploads\/2023\/06\/mCAM-Fix-1.webp\" class=\"attachment-large size-large wp-image-1303\" alt=\"\" srcset=\"https:\/\/dev.multicam-systems.com\/wp-content\/uploads\/2023\/06\/mCAM-Fix-1.webp 469w, https:\/\/dev.multicam-systems.com\/wp-content\/uploads\/2023\/06\/mCAM-Fix-1-300x242.webp 300w\" sizes=\"(max-width: 469px) 100vw, 469px\" \/>\t\t\t\t\t\t\t\t\t\t\t\t\t<\/div>\n\t\t\t\t<\/div>\n\t\t\t\t\t<\/div>\n\t\t\t\t<\/div>\n\t\t<div class=\"has_eae_slider elementor-element elementor-element-7617db20 e-flex e-con-boxed elementor-invisible e-con e-child\" data-id=\"7617db20\" data-element_type=\"container\" data-settings=\"{&quot;animation&quot;:&quot;fadeInRight&quot;}\">\n\t\t\t\t\t<div class=\"e-con-inner\">\n\t\t\t\t<div class=\"elementor-element elementor-element-6961f3d8 elementor-widget elementor-widget-heading\" data-id=\"6961f3d8\" data-element_type=\"widget\" data-widget_type=\"heading.default\">\n\t\t\t\t<div class=\"elementor-widget-container\">\n\t\t\t<h2 class=\"elementor-heading-title elementor-size-default\">Caract\u00e9ristiques principales<\/h2>\t\t<\/div>\n\t\t\t\t<\/div>\n\t\t\t\t<div class=\"elementor-element elementor-element-2e990b35 elementor-widget elementor-widget-text-editor\" data-id=\"2e990b35\" data-element_type=\"widget\" data-widget_type=\"text-editor.default\">\n\t\t\t\t<div class=\"elementor-widget-container\">\n\t\t\t\t\t\t\t<ul>\n<li><b>4K <\/b> CAM\u00c9RA IP<\/li>\n<li>Jusqu\u2019\u00e0 <b>2160p25<\/b> avec flux IP (RTSP)<\/li>\n<li>Alimentation par Ethernet (<strong>POE<\/strong>)<\/li>\n<li>Discret et facile \u00e0 monter<\/li>\n<li>Choix des objectifs (46\u00b0, 84\u00b0 ou 120\u00b0)<\/li>\n<\/ul>\n\t\t\t\t\t\t<\/div>\n\t\t\t\t<\/div>\n\t\t\t\t\t<\/div>\n\t\t\t\t<\/div>\n\t\t\t\t\t<\/div>\n\t\t\t\t<\/div>\n\t\t<div class=\"has_eae_slider elementor-element elementor-element-7de926f9 e-flex e-con-boxed e-con e-parent\" data-id=\"7de926f9\" data-element_type=\"container\">\n\t\t\t\t\t<div class=\"e-con-inner\">\n\t\t\t\t<div class=\"elementor-element elementor-element-418d0f24 elementor-widget elementor-widget-spacer\" data-id=\"418d0f24\" data-element_type=\"widget\" data-widget_type=\"spacer.default\">\n\t\t\t\t<div class=\"elementor-widget-container\">\n\t\t\t\t\t<div class=\"elementor-spacer\">\n\t\t\t<div class=\"elementor-spacer-inner\"><\/div>\n\t\t<\/div>\n\t\t\t\t<\/div>\n\t\t\t\t<\/div>\n\t\t\t\t\t<\/div>\n\t\t\t\t<\/div>\n\t\t<div class=\"has_eae_slider elementor-element elementor-element-4b0e03a1 e-flex e-con-boxed e-con e-parent\" data-id=\"4b0e03a1\" data-element_type=\"container\" data-settings=\"{&quot;background_background&quot;:&quot;classic&quot;}\">\n\t\t\t\t\t<div class=\"e-con-inner\">\n\t\t\t\t<div class=\"elementor-element elementor-element-40e97296 elementor-widget elementor-widget-heading\" data-id=\"40e97296\" data-element_type=\"widget\" data-widget_type=\"heading.default\">\n\t\t\t\t<div class=\"elementor-widget-container\">\n\t\t\t<h2 class=\"elementor-heading-title elementor-size-default\">DONN\u00c9ES TECHNIQUES<\/h2>\t\t<\/div>\n\t\t\t\t<\/div>\n\t\t\t\t\t<\/div>\n\t\t\t\t<\/div>\n\t\t<div class=\"has_eae_slider elementor-element elementor-element-9e67193 e-flex e-con-boxed e-con e-parent\" data-id=\"9e67193\" data-element_type=\"container\">\n\t\t\t\t\t<div class=\"e-con-inner\">\n\t\t\t\t<div class=\"elementor-element elementor-element-52a3b21 elementor-widget elementor-widget-spacer\" data-id=\"52a3b21\" data-element_type=\"widget\" data-widget_type=\"spacer.default\">\n\t\t\t\t<div class=\"elementor-widget-container\">\n\t\t\t\t\t<div class=\"elementor-spacer\">\n\t\t\t<div class=\"elementor-spacer-inner\"><\/div>\n\t\t<\/div>\n\t\t\t\t<\/div>\n\t\t\t\t<\/div>\n\t\t\t\t\t<\/div>\n\t\t\t\t<\/div>\n\t\t<div class=\"has_eae_slider elementor-element elementor-element-48b8a694 e-flex e-con-boxed e-con e-parent\" data-id=\"48b8a694\" data-element_type=\"container\">\n\t\t\t\t\t<div class=\"e-con-inner\">\n\t\t\t\t<div class=\"elementor-element elementor-element-f750b53 elementor-widget elementor-widget-html\" data-id=\"f750b53\" data-element_type=\"widget\" data-widget_type=\"html.default\">\n\t\t\t\t<div class=\"elementor-widget-container\">\n\t\t\t<table style=\"  max-width: 1140px; border: 1px solid white; border-collapse: collapse;\">\n  <tr>\n    <td style=\"border: 1px solid white; padding: 10px;\">Capteur<\/td>\n    <td style=\"border: 1px solid white; padding: 10px;\">1\/2.5\u201d 8.51MP CMOS<\/td>\n  <\/tr>\n  \n  <tr>\n    <td style=\"border: 1px solid white; padding: 10px;\">Format de sortie<\/td>\n    <td style=\"border: 1px solid white; padding: 10px;\">2160p 30 \/ 25 fps, 1080p 60 \/ 50 \/ 30 \/ 25 fps, 720p 60 \/ 50 fps<\/td>\n  <\/tr>\n    <tr>\n    <td style=\"border: 1px solid white; padding: 10px;\">Option d'objectif 1<\/td>\n    <td style=\"border: 1px solid white; padding: 10px;\">f7.35mm (46\u00b0)<\/td>\n  <\/tr>\n      <tr>\n    <td style=\"border: 1px solid white; padding: 10px;\">Option d'objectif 2<\/td>\n    <td style=\"border: 1px solid white; padding: 10px;\">f3.5mm (84\u00b0))<\/td>\n  <\/tr>\n      <tr>\n    <td style=\"border: 1px solid white; padding: 10px;\">Option d'objectif 3<\/td>\n    <td style=\"border: 1px solid white; padding: 10px;\">f2.8mm (120\u00b0)<\/td>\n  <\/tr>\n        <tr>\n    <td style=\"border: 1px solid white; padding: 10px;\">POE<\/td>\n    <td style=\"border: 1px solid white; padding: 10px;\">PoE+ (IEEE802.3af)<\/td>\n  <\/tr>\n          <tr>\n    <td style=\"border: 1px solid white; padding: 10px;\">Interface de sortie vid\u00e9o<\/td>\n    <td style=\"border: 1px solid white; padding: 10px;\">Ethernet \/ USB (UVC v1.0 \/ 1.1 \/ 1.5)<\/td>\n  <\/tr>\n            <tr>\n    <td style=\"border: 1px solid white; padding: 10px;\">Flux vid\u00e9o<\/td>\n    <td style=\"border: 1px solid white; padding: 10px;\">Streaming RTSP \/ RTMP<\/td>\n  <\/tr>\n              <tr>\n    <td style=\"border: 1px solid white; padding: 10px;\">Protocole de contr\u00f4le<\/td>\n    <td style=\"border: 1px solid white; padding: 10px;\">RS-232 \/ RS-422 \/ Ethernet<\/td>\n  <\/tr>\n                <tr>\n    <td style=\"border: 1px solid white; padding: 10px;\">Poids<\/td>\n    <td style=\"border: 1px solid white; padding: 10px;\">0.5kg<\/td>\n  <\/tr>\n                  <tr>\n    <td style=\"border: 1px solid white; padding: 10px;\">Dimensions<\/td>\n    <td style=\"border: 1px solid white; padding: 10px;\">194 x 34 x 42 mm<\/td>\n  <\/tr>\n  \n      \n<\/table>\t\t<\/div>\n\t\t\t\t<\/div>\n\t\t\t\t\t<\/div>\n\t\t\t\t<\/div>\n\t\t<div class=\"has_eae_slider elementor-element elementor-element-715adc50 e-flex e-con-boxed e-con e-parent\" data-id=\"715adc50\" data-element_type=\"container\">\n\t\t\t\t\t<div class=\"e-con-inner\">\n\t\t\t\t<div class=\"elementor-element elementor-element-540c43e6 elementor-widget elementor-widget-spacer\" data-id=\"540c43e6\" data-element_type=\"widget\" data-widget_type=\"spacer.default\">\n\t\t\t\t<div class=\"elementor-widget-container\">\n\t\t\t\t\t<div class=\"elementor-spacer\">\n\t\t\t<div class=\"elementor-spacer-inner\"><\/div>\n\t\t<\/div>\n\t\t\t\t<\/div>\n\t\t\t\t<\/div>\n\t\t\t\t\t<\/div>\n\t\t\t\t<\/div>\n\t\t<div class=\"has_eae_slider elementor-element elementor-element-15128623 e-flex e-con-boxed e-con e-parent\" data-id=\"15128623\" data-element_type=\"container\" data-settings=\"{&quot;background_background&quot;:&quot;classic&quot;}\">\n\t\t\t\t\t<div class=\"e-con-inner\">\n\t\t\t\t<div class=\"elementor-element elementor-element-2d445c1d elementor-widget elementor-widget-heading\" data-id=\"2d445c1d\" data-element_type=\"widget\" data-widget_type=\"heading.default\">\n\t\t\t\t<div class=\"elementor-widget-container\">\n\t\t\t<h2 class=\"elementor-heading-title elementor-size-default\">produits <strong>associ\u00e9s<\/strong> <\/h2>\t\t<\/div>\n\t\t\t\t<\/div>\n\t\t\t\t\t<\/div>\n\t\t\t\t<\/div>\n\t\t<div class=\"has_eae_slider elementor-element elementor-element-24d6f7ce e-flex e-con-boxed e-con e-parent\" data-id=\"24d6f7ce\" data-element_type=\"container\">\n\t\t\t\t\t<div class=\"e-con-inner\">\n\t\t\t\t<div class=\"elementor-element elementor-element-446b080d elementor-widget elementor-widget-spacer\" data-id=\"446b080d\" data-element_type=\"widget\" data-widget_type=\"spacer.default\">\n\t\t\t\t<div class=\"elementor-widget-container\">\n\t\t\t\t\t<div class=\"elementor-spacer\">\n\t\t\t<div class=\"elementor-spacer-inner\"><\/div>\n\t\t<\/div>\n\t\t\t\t<\/div>\n\t\t\t\t<\/div>\n\t\t\t\t\t<\/div>\n\t\t\t\t<\/div>\n\t\t<div class=\"has_eae_slider elementor-element elementor-element-824ea7b e-flex e-con-boxed e-con e-parent\" data-id=\"824ea7b\" data-element_type=\"container\">\n\t\t\t\t\t<div class=\"e-con-inner\">\n\t\t<a class=\"has_eae_slider elementor-element elementor-element-fb88b88 e-con-full card e-flex e-con e-child\" data-id=\"fb88b88\" data-element_type=\"container\" data-settings=\"{&quot;background_background&quot;:&quot;classic&quot;}\" href=\"https:\/\/dev.multicam-systems.com\/fr\/mcam-iii\/\">\n\t\t<div class=\"has_eae_slider elementor-element elementor-element-3a3d528 e-flex e-con-boxed e-con e-child\" data-id=\"3a3d528\" data-element_type=\"container\" data-settings=\"{&quot;background_background&quot;:&quot;classic&quot;}\">\n\t\t\t\t\t<div class=\"e-con-inner\">\n\t\t\t\t<div class=\"elementor-element elementor-element-acfc74d elementor-widget elementor-widget-image\" data-id=\"acfc74d\" data-element_type=\"widget\" data-widget_type=\"image.default\">\n\t\t\t\t<div class=\"elementor-widget-container\">\n\t\t\t\t\t\t\t\t\t\t\t\t\t<img decoding=\"async\" width=\"245\" height=\"63\" src=\"https:\/\/dev.multicam-systems.com\/wp-content\/uploads\/2023\/10\/mCAM-Fix-mCAM-Fix-logo-1.svg\" class=\"attachment-large size-large wp-image-4650\" alt=\"\" \/>\t\t\t\t\t\t\t\t\t\t\t\t\t<\/div>\n\t\t\t\t<\/div>\n\t\t\t\t\t<\/div>\n\t\t\t\t<\/div>\n\t\t<div class=\"has_eae_slider elementor-element elementor-element-38be695 e-flex e-con-boxed e-con e-child\" data-id=\"38be695\" data-element_type=\"container\" data-settings=\"{&quot;background_background&quot;:&quot;classic&quot;}\">\n\t\t\t\t\t<div class=\"e-con-inner\">\n\t\t\t\t<div class=\"elementor-element elementor-element-dfcd0a9 elementor-widget elementor-widget-heading\" data-id=\"dfcd0a9\" data-element_type=\"widget\" data-widget_type=\"heading.default\">\n\t\t\t\t<div class=\"elementor-widget-container\">\n\t\t\t<h2 class=\"elementor-heading-title elementor-size-default\">mCAM III<\/h2>\t\t<\/div>\n\t\t\t\t<\/div>\n\t\t\t\t\t<\/div>\n\t\t\t\t<\/div>\n\t\t\t\t<div class=\"elementor-element elementor-element-6587b90 btn elementor-widget elementor-widget-html\" data-id=\"6587b90\" data-element_type=\"widget\" data-widget_type=\"html.default\">\n\t\t\t\t<div class=\"elementor-widget-container\">\n\t\t\t<i class=\"fa-solid fa-magnifying-glass\"><\/i>\t\t<\/div>\n\t\t\t\t<\/div>\n\t\t\t\t<\/a>\n\t\t<a class=\"has_eae_slider elementor-element elementor-element-9e4c064 e-con-full card e-flex e-con e-child\" data-id=\"9e4c064\" data-element_type=\"container\" data-settings=\"{&quot;background_background&quot;:&quot;classic&quot;}\" href=\"https:\/\/dev.multicam-systems.com\/fr\/mcam-fix\/\">\n\t\t<div class=\"has_eae_slider elementor-element elementor-element-f917e00 e-flex e-con-boxed e-con e-child\" data-id=\"f917e00\" data-element_type=\"container\" data-settings=\"{&quot;background_background&quot;:&quot;classic&quot;}\">\n\t\t\t\t\t<div class=\"e-con-inner\">\n\t\t\t\t<div class=\"elementor-element elementor-element-7d3c543 elementor-widget elementor-widget-image\" data-id=\"7d3c543\" data-element_type=\"widget\" data-widget_type=\"image.default\">\n\t\t\t\t<div class=\"elementor-widget-container\">\n\t\t\t\t\t\t\t\t\t\t\t\t\t<img decoding=\"async\" width=\"219\" height=\"43\" src=\"https:\/\/dev.multicam-systems.com\/wp-content\/uploads\/2023\/10\/mCAM-Fix-mCAM-Fix-logo.svg\" class=\"attachment-large size-large wp-image-4651\" alt=\"\" \/>\t\t\t\t\t\t\t\t\t\t\t\t\t<\/div>\n\t\t\t\t<\/div>\n\t\t\t\t\t<\/div>\n\t\t\t\t<\/div>\n\t\t<div class=\"has_eae_slider elementor-element elementor-element-1292d12 e-flex e-con-boxed e-con e-child\" data-id=\"1292d12\" data-element_type=\"container\" data-settings=\"{&quot;background_background&quot;:&quot;classic&quot;}\">\n\t\t\t\t\t<div class=\"e-con-inner\">\n\t\t\t\t<div class=\"elementor-element elementor-element-2e783c8 elementor-widget elementor-widget-heading\" data-id=\"2e783c8\" data-element_type=\"widget\" data-widget_type=\"heading.default\">\n\t\t\t\t<div class=\"elementor-widget-container\">\n\t\t\t<h2 class=\"elementor-heading-title elementor-size-default\">mCAM FIXE<\/h2>\t\t<\/div>\n\t\t\t\t<\/div>\n\t\t\t\t\t<\/div>\n\t\t\t\t<\/div>\n\t\t\t\t<div class=\"elementor-element elementor-element-b474a91 btn elementor-widget elementor-widget-html\" data-id=\"b474a91\" data-element_type=\"widget\" data-widget_type=\"html.default\">\n\t\t\t\t<div class=\"elementor-widget-container\">\n\t\t\t<i class=\"fa-solid fa-magnifying-glass\"><\/i>\t\t<\/div>\n\t\t\t\t<\/div>\n\t\t\t\t<\/a>\n\t\t<a class=\"has_eae_slider elementor-element elementor-element-2f80776 e-con-full card e-flex e-con e-child\" data-id=\"2f80776\" data-element_type=\"container\" data-settings=\"{&quot;background_background&quot;:&quot;classic&quot;}\" href=\"https:\/\/dev.multicam-systems.com\/fr\/multicam-studio\/\">\n\t\t<div class=\"has_eae_slider elementor-element elementor-element-9bd96b3 e-flex e-con-boxed e-con e-child\" data-id=\"9bd96b3\" data-element_type=\"container\" data-settings=\"{&quot;background_background&quot;:&quot;classic&quot;}\">\n\t\t\t\t\t<div class=\"e-con-inner\">\n\t\t\t\t<div class=\"elementor-element elementor-element-673cd0b elementor-widget elementor-widget-heading\" data-id=\"673cd0b\" data-element_type=\"widget\" data-widget_type=\"heading.default\">\n\t\t\t\t<div class=\"elementor-widget-container\">\n\t\t\t<h2 class=\"elementor-heading-title elementor-size-default\">multiCAM STUDIO<\/h2>\t\t<\/div>\n\t\t\t\t<\/div>\n\t\t\t\t\t<\/div>\n\t\t\t\t<\/div>\n\t\t\t\t<div class=\"elementor-element elementor-element-072d1df btn elementor-widget elementor-widget-html\" data-id=\"072d1df\" data-element_type=\"widget\" data-widget_type=\"html.default\">\n\t\t\t\t<div class=\"elementor-widget-container\">\n\t\t\t<i class=\"fa-solid fa-magnifying-glass\"><\/i>\t\t<\/div>\n\t\t\t\t<\/div>\n\t\t\t\t<\/a>\n\t\t<a class=\"has_eae_slider elementor-element elementor-element-13ab36e e-con-full card e-flex e-con e-child\" data-id=\"13ab36e\" data-element_type=\"container\" data-settings=\"{&quot;background_background&quot;:&quot;classic&quot;}\" href=\"https:\/\/dev.multicam-systems.com\/fr\/multicam-assist\/\">\n\t\t<div class=\"has_eae_slider elementor-element elementor-element-e88a41f e-flex e-con-boxed e-con e-child\" data-id=\"e88a41f\" data-element_type=\"container\" data-settings=\"{&quot;background_background&quot;:&quot;classic&quot;}\">\n\t\t\t\t\t<div class=\"e-con-inner\">\n\t\t\t\t<div class=\"elementor-element elementor-element-838844f elementor-widget elementor-widget-heading\" data-id=\"838844f\" data-element_type=\"widget\" data-widget_type=\"heading.default\">\n\t\t\t\t<div class=\"elementor-widget-container\">\n\t\t\t<h2 class=\"elementor-heading-title elementor-size-default\">multiCAM ASSIST<\/h2>\t\t<\/div>\n\t\t\t\t<\/div>\n\t\t\t\t\t<\/div>\n\t\t\t\t<\/div>\n\t\t\t\t<div class=\"elementor-element elementor-element-13837cf btn elementor-widget elementor-widget-html\" data-id=\"13837cf\" data-element_type=\"widget\" data-widget_type=\"html.default\">\n\t\t\t\t<div class=\"elementor-widget-container\">\n\t\t\t<i class=\"fa-solid fa-magnifying-glass\"><\/i>\t\t<\/div>\n\t\t\t\t<\/div>\n\t\t\t\t<\/a>\n\t\t\t\t\t<\/div>\n\t\t\t\t<\/div>\n\t\t<div class=\"has_eae_slider elementor-element elementor-element-34c19b9c e-flex e-con-boxed e-con e-parent\" data-id=\"34c19b9c\" data-element_type=\"container\">\n\t\t\t\t\t<div class=\"e-con-inner\">\n\t\t\t\t<div class=\"elementor-element elementor-element-2b6be8a6 elementor-widget elementor-widget-spacer\" data-id=\"2b6be8a6\" data-element_type=\"widget\" data-widget_type=\"spacer.default\">\n\t\t\t\t<div class=\"elementor-widget-container\">\n\t\t\t\t\t<div class=\"elementor-spacer\">\n\t\t\t<div class=\"elementor-spacer-inner\"><\/div>\n\t\t<\/div>\n\t\t\t\t<\/div>\n\t\t\t\t<\/div>\n\t\t\t\t\t<\/div>\n\t\t\t\t<\/div>\n\t\t<div class=\"has_eae_slider elementor-element elementor-element-144fe2ae elementor-hidden-tablet elementor-hidden-mobile e-flex e-con-boxed e-con e-parent\" data-id=\"144fe2ae\" data-element_type=\"container\">\n\t\t\t\t\t<div class=\"e-con-inner\">\n\t\t\t\t\t<\/div>\n\t\t\t\t<\/div>\n\t\t<div class=\"has_eae_slider elementor-element elementor-element-3fd2572 e-flex e-con-boxed e-con e-parent\" data-id=\"3fd2572\" data-element_type=\"container\">\n\t\t\t\t\t<div class=\"e-con-inner\">\n\t\t\t\t<div class=\"elementor-element elementor-element-5a54cf9 elementor-widget elementor-widget-spacer\" data-id=\"5a54cf9\" data-element_type=\"widget\" data-widget_type=\"spacer.default\">\n\t\t\t\t<div class=\"elementor-widget-container\">\n\t\t\t\t\t<div class=\"elementor-spacer\">\n\t\t\t<div class=\"elementor-spacer-inner\"><\/div>\n\t\t<\/div>\n\t\t\t\t<\/div>\n\t\t\t\t<\/div>\n\t\t\t\t\t<\/div>\n\t\t\t\t<\/div>\n\t\t<div class=\"has_eae_slider elementor-element elementor-element-16353d0 e-flex e-con-boxed e-con e-parent\" data-id=\"16353d0\" data-element_type=\"container\">\n\t\t\t\t\t<div class=\"e-con-inner\">\n\t\t<a class=\"has_eae_slider elementor-element elementor-element-1c69c32 e-con-full e-flex e-con e-child\" data-id=\"1c69c32\" data-element_type=\"container\" data-settings=\"{&quot;background_background&quot;:&quot;classic&quot;}\" href=\"https:\/\/dev.multicam-systems.com\/fr\/all-in-one\/\">\n\t\t\t\t<div class=\"elementor-element elementor-element-f493dff elementor-widget elementor-widget-heading\" data-id=\"f493dff\" data-element_type=\"widget\" data-widget_type=\"heading.default\">\n\t\t\t\t<div class=\"elementor-widget-container\">\n\t\t\t<h2 class=\"elementor-heading-title elementor-size-default\">SOLUTIONS<\/h2>\t\t<\/div>\n\t\t\t\t<\/div>\n\t\t\t\t<div class=\"elementor-element elementor-element-11e641f elementor-widget elementor-widget-heading\" data-id=\"11e641f\" data-element_type=\"widget\" data-widget_type=\"heading.default\">\n\t\t\t\t<div class=\"elementor-widget-container\">\n\t\t\t<h2 class=\"elementor-heading-title elementor-size-default\">TOUT EN UN<\/h2>\t\t<\/div>\n\t\t\t\t<\/div>\n\t\t\t\t<\/a>\n\t\t<a class=\"has_eae_slider elementor-element elementor-element-4e3d455 e-con-full e-flex e-con e-child\" data-id=\"4e3d455\" data-element_type=\"container\" data-settings=\"{&quot;background_background&quot;:&quot;classic&quot;}\" href=\"https:\/\/dev.multicam-systems.com\/fr\/systemes-robotiques\/\">\n\t\t\t\t<div class=\"elementor-element elementor-element-b51815d elementor-widget elementor-widget-heading\" data-id=\"b51815d\" data-element_type=\"widget\" data-widget_type=\"heading.default\">\n\t\t\t\t<div class=\"elementor-widget-container\">\n\t\t\t<h2 class=\"elementor-heading-title elementor-size-default\">SYST\u00c8MES<\/h2>\t\t<\/div>\n\t\t\t\t<\/div>\n\t\t\t\t<div class=\"elementor-element elementor-element-14aeb7d elementor-widget elementor-widget-heading\" data-id=\"14aeb7d\" data-element_type=\"widget\" data-widget_type=\"heading.default\">\n\t\t\t\t<div class=\"elementor-widget-container\">\n\t\t\t<h2 class=\"elementor-heading-title elementor-size-default\">ROBOTIQUE<\/h2>\t\t<\/div>\n\t\t\t\t<\/div>\n\t\t\t\t<\/a>\n\t\t<a class=\"has_eae_slider elementor-element elementor-element-1825357 e-con-full e-flex e-con e-child\" data-id=\"1825357\" data-element_type=\"container\" data-settings=\"{&quot;background_background&quot;:&quot;classic&quot;}\" href=\"https:\/\/dev.multicam-systems.com\/fr\/solutions-virtuelles\/\">\n\t\t\t\t<div class=\"elementor-element elementor-element-712e44f elementor-widget elementor-widget-heading\" data-id=\"712e44f\" data-element_type=\"widget\" data-widget_type=\"heading.default\">\n\t\t\t\t<div class=\"elementor-widget-container\">\n\t\t\t<h2 class=\"elementor-heading-title elementor-size-default\">PRODUCTIONS<\/h2>\t\t<\/div>\n\t\t\t\t<\/div>\n\t\t\t\t<div class=\"elementor-element elementor-element-47758e5 elementor-widget elementor-widget-heading\" data-id=\"47758e5\" data-element_type=\"widget\" data-widget_type=\"heading.default\">\n\t\t\t\t<div class=\"elementor-widget-container\">\n\t\t\t<h2 class=\"elementor-heading-title elementor-size-default\">VIRTUELLES<\/h2>\t\t<\/div>\n\t\t\t\t<\/div>\n\t\t\t\t<\/a>\n\t\t\t\t\t<\/div>\n\t\t\t\t<\/div>\n\t\t<div class=\"has_eae_slider elementor-element elementor-element-7a397260 e-flex e-con-boxed e-con e-parent\" data-id=\"7a397260\" data-element_type=\"container\">\n\t\t\t\t\t<div class=\"e-con-inner\">\n\t\t\t\t<div class=\"elementor-element elementor-element-10ea9a26 elementor-widget elementor-widget-spacer\" data-id=\"10ea9a26\" data-element_type=\"widget\" data-widget_type=\"spacer.default\">\n\t\t\t\t<div class=\"elementor-widget-container\">\n\t\t\t\t\t<div class=\"elementor-spacer\">\n\t\t\t<div class=\"elementor-spacer-inner\"><\/div>\n\t\t<\/div>\n\t\t\t\t<\/div>\n\t\t\t\t<\/div>\n\t\t\t\t\t<\/div>\n\t\t\t\t<\/div>\n\t\t\t\t<\/div>\n\t\t","protected":false},"excerpt":{"rendered":"<p>mCAM FIX Plan large \u00e0 partir d&rsquo;un petit appareil Caract\u00e9ristiques principales 4K CAM\u00c9RA IP Jusqu\u2019\u00e0 2160p25 avec flux IP (RTSP) Alimentation par Ethernet (POE) Discret et facile \u00e0 monter Choix des objectifs (46\u00b0, 84\u00b0 ou 120\u00b0) DONN\u00c9ES TECHNIQUES Capteur 1\/2.5\u201d 8.51MP CMOS Format de sortie 2160p 30 \/ 25 fps, 1080p 60 \/ 50 \/ [&hellip;]<\/p>\n","protected":false},"author":3,"featured_media":5300,"parent":0,"menu_order":0,"comment_status":"closed","ping_status":"closed","template":"","meta":{"footnotes":""},"class_list":["post-6855","page","type-page","status-publish","has-post-thumbnail","hentry"],"aioseo_notices":[],"_links":{"self":[{"href":"https:\/\/dev.multicam-systems.com\/fr\/wp-json\/wp\/v2\/pages\/6855"}],"collection":[{"href":"https:\/\/dev.multicam-systems.com\/fr\/wp-json\/wp\/v2\/pages"}],"about":[{"href":"https:\/\/dev.multicam-systems.com\/fr\/wp-json\/wp\/v2\/types\/page"}],"author":[{"embeddable":true,"href":"https:\/\/dev.multicam-systems.com\/fr\/wp-json\/wp\/v2\/users\/3"}],"replies":[{"embeddable":true,"href":"https:\/\/dev.multicam-systems.com\/fr\/wp-json\/wp\/v2\/comments?post=6855"}],"version-history":[{"count":0,"href":"https:\/\/dev.multicam-systems.com\/fr\/wp-json\/wp\/v2\/pages\/6855\/revisions"}],"wp:featuredmedia":[{"embeddable":true,"href":"https:\/\/dev.multicam-systems.com\/fr\/wp-json\/wp\/v2\/media\/5300"}],"wp:attachment":[{"href":"https:\/\/dev.multicam-systems.com\/fr\/wp-json\/wp\/v2\/media?parent=6855"}],"curies":[{"name":"wp","href":"https:\/\/api.w.org\/{rel}","templated":true}]}}