{"id":6844,"date":"2023-06-21T15:41:51","date_gmt":"2023-06-21T13:41:51","guid":{"rendered":"https:\/\/www.multicam-systems.com\/camera-ptz\/"},"modified":"2024-06-14T10:44:51","modified_gmt":"2024-06-14T08:44:51","slug":"camera-ptz","status":"publish","type":"page","link":"https:\/\/dev.multicam-systems.com\/fr\/camera-ptz\/","title":{"rendered":"CAMERA PTZ"},"content":{"rendered":"\t\t<div data-elementor-type=\"wp-page\" data-elementor-id=\"6844\" class=\"elementor elementor-6844 elementor-413\" data-elementor-post-type=\"page\">\n\t\t\t\t<div class=\"has_eae_slider elementor-element elementor-element-6574e4d e-flex e-con-boxed e-con e-parent\" data-id=\"6574e4d\" data-element_type=\"container\" data-settings=\"{&quot;background_background&quot;:&quot;classic&quot;}\">\n\t\t\t\t\t<div class=\"e-con-inner\">\n\t\t\t\t<div class=\"elementor-element elementor-element-9e924ac elementor-widget elementor-widget-heading\" data-id=\"9e924ac\" data-element_type=\"widget\" data-widget_type=\"heading.default\">\n\t\t\t\t<div class=\"elementor-widget-container\">\n\t\t\t<h2 class=\"elementor-heading-title elementor-size-default\">mCAM PTZ Cameras<\/h2>\t\t<\/div>\n\t\t\t\t<\/div>\n\t\t\t\t<div class=\"elementor-element elementor-element-d721305 elementor-widget elementor-widget-text-editor\" data-id=\"d721305\" data-element_type=\"widget\" data-widget_type=\"text-editor.default\">\n\t\t\t\t<div class=\"elementor-widget-container\">\n\t\t\t\t\t\t\t<p>1 position, 100 angles de tir<\/p>\n\t\t\t\t\t\t<\/div>\n\t\t\t\t<\/div>\n\t\t\t\t\t<\/div>\n\t\t\t\t<\/div>\n\t\t<div class=\"has_eae_slider elementor-element elementor-element-5dc4668 e-flex e-con-boxed e-con e-parent\" data-id=\"5dc4668\" data-element_type=\"container\">\n\t\t\t\t\t<div class=\"e-con-inner\">\n\t\t\t\t<div class=\"elementor-element elementor-element-dbd0164 elementor-widget elementor-widget-spacer\" data-id=\"dbd0164\" data-element_type=\"widget\" data-widget_type=\"spacer.default\">\n\t\t\t\t<div class=\"elementor-widget-container\">\n\t\t\t\t\t<div class=\"elementor-spacer\">\n\t\t\t<div class=\"elementor-spacer-inner\"><\/div>\n\t\t<\/div>\n\t\t\t\t<\/div>\n\t\t\t\t<\/div>\n\t\t\t\t<div class=\"elementor-element elementor-element-50f9c0c elementor-widget elementor-widget-text-editor\" data-id=\"50f9c0c\" data-element_type=\"widget\" data-widget_type=\"text-editor.default\">\n\t\t\t\t<div class=\"elementor-widget-container\">\n\t\t\t\t\t\t\t<p>Les solutions multiCAM sont compatibles avec la plupart des cam\u00e9ras PTZ du march\u00e9, y compris l&rsquo;ensemble de la gamme SONY, PANASONIC, LUMENS et PTZ OPTICS.<\/p>\n\t\t\t\t\t\t<\/div>\n\t\t\t\t<\/div>\n\t\t\t\t\t<\/div>\n\t\t\t\t<\/div>\n\t\t<div class=\"has_eae_slider elementor-element elementor-element-25e14e5 e-flex e-con-boxed e-con e-parent\" data-id=\"25e14e5\" data-element_type=\"container\">\n\t\t\t\t\t<div class=\"e-con-inner\">\n\t\t\t\t<div class=\"elementor-element elementor-element-94f849b elementor-widget elementor-widget-image\" data-id=\"94f849b\" data-element_type=\"widget\" data-widget_type=\"image.default\">\n\t\t\t\t<div class=\"elementor-widget-container\">\n\t\t\t\t\t\t\t\t\t\t\t\t\t<img fetchpriority=\"high\" decoding=\"async\" width=\"1140\" height=\"299\" src=\"https:\/\/dev.multicam-systems.com\/wp-content\/uploads\/2023\/09\/ptz-camera.webp\" class=\"attachment-full size-full wp-image-3589\" alt=\"\" srcset=\"https:\/\/dev.multicam-systems.com\/wp-content\/uploads\/2023\/09\/ptz-camera.webp 1140w, https:\/\/dev.multicam-systems.com\/wp-content\/uploads\/2023\/09\/ptz-camera-300x79.webp 300w, https:\/\/dev.multicam-systems.com\/wp-content\/uploads\/2023\/09\/ptz-camera-1024x269.webp 1024w, https:\/\/dev.multicam-systems.com\/wp-content\/uploads\/2023\/09\/ptz-camera-768x201.webp 768w\" sizes=\"(max-width: 1140px) 100vw, 1140px\" \/>\t\t\t\t\t\t\t\t\t\t\t\t\t<\/div>\n\t\t\t\t<\/div>\n\t\t\t\t\t<\/div>\n\t\t\t\t<\/div>\n\t\t<div class=\"has_eae_slider elementor-element elementor-element-7bac8f0 e-flex e-con-boxed e-con e-parent\" data-id=\"7bac8f0\" data-element_type=\"container\">\n\t\t\t\t\t<div class=\"e-con-inner\">\n\t\t\t\t<div class=\"elementor-element elementor-element-aa35c4c elementor-widget elementor-widget-text-editor\" data-id=\"aa35c4c\" data-element_type=\"widget\" data-widget_type=\"text-editor.default\">\n\t\t\t\t<div class=\"elementor-widget-container\">\n\t\t\t\t\t\t\t<p><span style=\"font-weight: 400;\">V\u00e9rifiez ici si votre mod\u00e8le d&rsquo;appareil photo est actuellement pris en charge par nos solutions :<\/span><\/p>\n<p><a href=\"https:\/\/support.multicam-systems.com\/hc\/en-us\/articles\/360007181694-Supported-cameras\"><span style=\"font-weight: 400;\">https:\/\/support.multicam-systems.com\/hc\/en-us\/articles\/360007181694-Supported-cameras<\/span><\/a><\/p>\n<p><span style=\"font-weight: 400;\">N&rsquo;oubliez pas que seuls quelques mod\u00e8les sont compatibles avec la fonction d&rsquo;encadrement automatique (<\/span><span style=\"font-weight: 400;\">CONF<\/span><span style=\"font-weight: 400;\">, <\/span><span style=\"font-weight: 400;\">RADIO<\/span><span style=\"font-weight: 400;\">) ou avec Motion-Control (<\/span><span style=\"font-weight: 400;\">PILOT<\/span><span style=\"font-weight: 400;\">). <\/span><b>Contactez nous<\/b><span style=\"font-weight: 400;\"> pour une liste actualis\u00e9e.<\/span><\/p>\n\t\t\t\t\t\t<\/div>\n\t\t\t\t<\/div>\n\t\t\t\t\t<\/div>\n\t\t\t\t<\/div>\n\t\t<div class=\"has_eae_slider elementor-element elementor-element-f939030 e-flex e-con-boxed e-con e-parent\" data-id=\"f939030\" data-element_type=\"container\">\n\t\t\t\t\t<div class=\"e-con-inner\">\n\t\t\t\t<div class=\"elementor-element elementor-element-0d1b82f elementor-widget elementor-widget-heading\" data-id=\"0d1b82f\" data-element_type=\"widget\" data-widget_type=\"heading.default\">\n\t\t\t\t<div class=\"elementor-widget-container\">\n\t\t\t<h2 class=\"elementor-heading-title elementor-size-default\">mCAM PTZ Cameras<\/h2>\t\t<\/div>\n\t\t\t\t<\/div>\n\t\t\t\t<div class=\"elementor-element elementor-element-eeb1196 elementor-widget elementor-widget-text-editor\" data-id=\"eeb1196\" data-element_type=\"widget\" data-widget_type=\"text-editor.default\">\n\t\t\t\t<div class=\"elementor-widget-container\">\n\t\t\t\t\t\t\t<p>Pour les clients qui cherchent \u00e0 r\u00e9duire davantage leur budget, les mod\u00e8les mCAM offrent un rapport prix\/performance in\u00e9gal\u00e9. Les mod\u00e8les mCAM sont particuli\u00e8rement adapt\u00e9s aux applications telles que la radio visuelle, la couverture de conf\u00e9rences et les applications \u00e9ducatives.<\/p>\n<p>Avec une alimentation POE et le support NDI\u00ae, les mCAM peuvent \u00eatre connect\u00e9es avec un seul c\u00e2ble Ethernet, ce qui simplifie l&rsquo;installation.<\/p>\n\t\t\t\t\t\t<\/div>\n\t\t\t\t<\/div>\n\t\t\t\t<div class=\"elementor-element elementor-element-2ef58f6 elementor-widget elementor-widget-spacer\" data-id=\"2ef58f6\" data-element_type=\"widget\" data-widget_type=\"spacer.default\">\n\t\t\t\t<div class=\"elementor-widget-container\">\n\t\t\t\t\t<div class=\"elementor-spacer\">\n\t\t\t<div class=\"elementor-spacer-inner\"><\/div>\n\t\t<\/div>\n\t\t\t\t<\/div>\n\t\t\t\t<\/div>\n\t\t\t\t\t<\/div>\n\t\t\t\t<\/div>\n\t\t<div class=\"has_eae_slider elementor-element elementor-element-0ab8a88 e-flex e-con-boxed e-con e-parent\" data-id=\"0ab8a88\" data-element_type=\"container\">\n\t\t\t\t\t<div class=\"e-con-inner\">\n\t\t<a class=\"has_eae_slider elementor-element elementor-element-f7325b6 e-con-full e-flex e-con e-child\" data-id=\"f7325b6\" data-element_type=\"container\" data-settings=\"{&quot;background_background&quot;:&quot;classic&quot;}\" href=\"https:\/\/dev.multicam-systems.com\/fr\/mcam-iii\/\">\n\t\t<div class=\"has_eae_slider elementor-element elementor-element-b8189ab e-flex e-con-boxed e-con e-child\" data-id=\"b8189ab\" data-element_type=\"container\" data-settings=\"{&quot;background_background&quot;:&quot;classic&quot;}\">\n\t\t\t\t\t<div class=\"e-con-inner\">\n\t\t\t\t<div class=\"elementor-element elementor-element-c36c751 elementor-widget elementor-widget-heading\" data-id=\"c36c751\" data-element_type=\"widget\" data-widget_type=\"heading.default\">\n\t\t\t\t<div class=\"elementor-widget-container\">\n\t\t\t<h2 class=\"elementor-heading-title elementor-size-default\">mCAM III<\/h2>\t\t<\/div>\n\t\t\t\t<\/div>\n\t\t\t\t<div class=\"elementor-element elementor-element-6158ec3 elementor-widget elementor-widget-heading\" data-id=\"6158ec3\" data-element_type=\"widget\" data-widget_type=\"heading.default\">\n\t\t\t\t<div class=\"elementor-widget-container\">\n\t\t\t<h2 class=\"elementor-heading-title elementor-size-default\">1080p PTZ CAMERA<\/h2>\t\t<\/div>\n\t\t\t\t<\/div>\n\t\t\t\t\t<\/div>\n\t\t\t\t<\/div>\n\t\t\t\t<div class=\"elementor-element elementor-element-a0c4b18 btn elementor-widget elementor-widget-button\" data-id=\"a0c4b18\" data-element_type=\"widget\" data-widget_type=\"button.default\">\n\t\t\t\t<div class=\"elementor-widget-container\">\n\t\t\t\t\t<div class=\"elementor-button-wrapper\">\n\t\t\t<a class=\"elementor-button elementor-button-link elementor-size-sm\" href=\"https:\/\/dev.multicam-systems.com\/fr\/mcam-iii\/\">\n\t\t\t\t\t\t<span class=\"elementor-button-content-wrapper\">\n\t\t\t\t\t\t\t\t\t<span class=\"elementor-button-text\">en savoir plus<\/span>\n\t\t\t\t\t<\/span>\n\t\t\t\t\t<\/a>\n\t\t<\/div>\n\t\t\t\t<\/div>\n\t\t\t\t<\/div>\n\t\t\t\t<\/a>\n\t\t<a class=\"has_eae_slider elementor-element elementor-element-fafdc30 e-con-full e-flex e-con e-child\" data-id=\"fafdc30\" data-element_type=\"container\" data-settings=\"{&quot;background_background&quot;:&quot;classic&quot;}\" href=\"https:\/\/dev.multicam-systems.com\/fr\/mcam-fix\/\">\n\t\t<div class=\"has_eae_slider elementor-element elementor-element-576eef6 e-flex e-con-boxed e-con e-child\" data-id=\"576eef6\" data-element_type=\"container\" data-settings=\"{&quot;background_background&quot;:&quot;classic&quot;}\">\n\t\t\t\t\t<div class=\"e-con-inner\">\n\t\t\t\t<div class=\"elementor-element elementor-element-58d945e elementor-widget elementor-widget-heading\" data-id=\"58d945e\" data-element_type=\"widget\" data-widget_type=\"heading.default\">\n\t\t\t\t<div class=\"elementor-widget-container\">\n\t\t\t<h2 class=\"elementor-heading-title elementor-size-default\">mCAM FIX<\/h2>\t\t<\/div>\n\t\t\t\t<\/div>\n\t\t\t\t<div class=\"elementor-element elementor-element-fc0f07e elementor-widget elementor-widget-heading\" data-id=\"fc0f07e\" data-element_type=\"widget\" data-widget_type=\"heading.default\">\n\t\t\t\t<div class=\"elementor-widget-container\">\n\t\t\t<h2 class=\"elementor-heading-title elementor-size-default\">4k ip Camera<\/h2>\t\t<\/div>\n\t\t\t\t<\/div>\n\t\t\t\t\t<\/div>\n\t\t\t\t<\/div>\n\t\t\t\t<div class=\"elementor-element elementor-element-3b1ae97 btn elementor-widget elementor-widget-button\" data-id=\"3b1ae97\" data-element_type=\"widget\" data-widget_type=\"button.default\">\n\t\t\t\t<div class=\"elementor-widget-container\">\n\t\t\t\t\t<div class=\"elementor-button-wrapper\">\n\t\t\t<a class=\"elementor-button elementor-button-link elementor-size-sm\" href=\"https:\/\/dev.multicam-systems.com\/fr\/mcam-fix\/\">\n\t\t\t\t\t\t<span class=\"elementor-button-content-wrapper\">\n\t\t\t\t\t\t\t\t\t<span class=\"elementor-button-text\">en savoir plus<\/span>\n\t\t\t\t\t<\/span>\n\t\t\t\t\t<\/a>\n\t\t<\/div>\n\t\t\t\t<\/div>\n\t\t\t\t<\/div>\n\t\t\t\t<\/a>\n\t\t\t\t\t<\/div>\n\t\t\t\t<\/div>\n\t\t<div class=\"has_eae_slider elementor-element elementor-element-36d54b8 e-flex e-con-boxed e-con e-parent\" data-id=\"36d54b8\" data-element_type=\"container\">\n\t\t\t\t\t<div class=\"e-con-inner\">\n\t\t\t\t<div class=\"elementor-element elementor-element-6769dce elementor-widget elementor-widget-spacer\" data-id=\"6769dce\" data-element_type=\"widget\" data-widget_type=\"spacer.default\">\n\t\t\t\t<div class=\"elementor-widget-container\">\n\t\t\t\t\t<div class=\"elementor-spacer\">\n\t\t\t<div class=\"elementor-spacer-inner\"><\/div>\n\t\t<\/div>\n\t\t\t\t<\/div>\n\t\t\t\t<\/div>\n\t\t\t\t\t<\/div>\n\t\t\t\t<\/div>\n\t\t<div class=\"has_eae_slider elementor-element elementor-element-2f8b191 e-flex e-con-boxed e-con e-parent\" data-id=\"2f8b191\" data-element_type=\"container\">\n\t\t\t\t\t<div class=\"e-con-inner\">\n\t\t<a class=\"has_eae_slider elementor-element elementor-element-fc98c05 e-con-full e-flex e-con e-child\" data-id=\"fc98c05\" data-element_type=\"container\" data-settings=\"{&quot;background_background&quot;:&quot;classic&quot;}\" href=\"https:\/\/dev.multicam-systems.com\/fr\/all-in-one\/\">\n\t\t\t\t<div class=\"elementor-element elementor-element-64cdad6 elementor-widget elementor-widget-heading\" data-id=\"64cdad6\" data-element_type=\"widget\" data-widget_type=\"heading.default\">\n\t\t\t\t<div class=\"elementor-widget-container\">\n\t\t\t<h2 class=\"elementor-heading-title elementor-size-default\">SOLUTIONS<\/h2>\t\t<\/div>\n\t\t\t\t<\/div>\n\t\t\t\t<div class=\"elementor-element elementor-element-18eb2d0 elementor-widget elementor-widget-heading\" data-id=\"18eb2d0\" data-element_type=\"widget\" data-widget_type=\"heading.default\">\n\t\t\t\t<div class=\"elementor-widget-container\">\n\t\t\t<h2 class=\"elementor-heading-title elementor-size-default\">TOUT EN UN<\/h2>\t\t<\/div>\n\t\t\t\t<\/div>\n\t\t\t\t<\/a>\n\t\t<a class=\"has_eae_slider elementor-element elementor-element-28db54a e-con-full e-flex e-con e-child\" data-id=\"28db54a\" data-element_type=\"container\" data-settings=\"{&quot;background_background&quot;:&quot;classic&quot;}\" href=\"https:\/\/dev.multicam-systems.com\/fr\/systemes-robotiques\/\">\n\t\t\t\t<div class=\"elementor-element elementor-element-9b8b035 elementor-widget elementor-widget-heading\" data-id=\"9b8b035\" data-element_type=\"widget\" data-widget_type=\"heading.default\">\n\t\t\t\t<div class=\"elementor-widget-container\">\n\t\t\t<h2 class=\"elementor-heading-title elementor-size-default\">SYST\u00c8MES<\/h2>\t\t<\/div>\n\t\t\t\t<\/div>\n\t\t\t\t<div class=\"elementor-element elementor-element-acdaba3 elementor-widget elementor-widget-heading\" data-id=\"acdaba3\" data-element_type=\"widget\" data-widget_type=\"heading.default\">\n\t\t\t\t<div class=\"elementor-widget-container\">\n\t\t\t<h2 class=\"elementor-heading-title elementor-size-default\">ROBOTIQUE<\/h2>\t\t<\/div>\n\t\t\t\t<\/div>\n\t\t\t\t<\/a>\n\t\t<a class=\"has_eae_slider elementor-element elementor-element-c0a959e e-con-full e-flex e-con e-child\" data-id=\"c0a959e\" data-element_type=\"container\" data-settings=\"{&quot;background_background&quot;:&quot;classic&quot;}\" href=\"https:\/\/dev.multicam-systems.com\/fr\/solutions-virtuelles\/\">\n\t\t\t\t<div class=\"elementor-element elementor-element-9f1e47e elementor-widget elementor-widget-heading\" data-id=\"9f1e47e\" data-element_type=\"widget\" data-widget_type=\"heading.default\">\n\t\t\t\t<div class=\"elementor-widget-container\">\n\t\t\t<h2 class=\"elementor-heading-title elementor-size-default\">PRODUCTIONS<\/h2>\t\t<\/div>\n\t\t\t\t<\/div>\n\t\t\t\t<div class=\"elementor-element elementor-element-e8122d6 elementor-widget elementor-widget-heading\" data-id=\"e8122d6\" data-element_type=\"widget\" data-widget_type=\"heading.default\">\n\t\t\t\t<div class=\"elementor-widget-container\">\n\t\t\t<h2 class=\"elementor-heading-title elementor-size-default\">VIRTUELLES<\/h2>\t\t<\/div>\n\t\t\t\t<\/div>\n\t\t\t\t<\/a>\n\t\t\t\t\t<\/div>\n\t\t\t\t<\/div>\n\t\t<div class=\"has_eae_slider elementor-element elementor-element-8e004f4 e-flex e-con-boxed e-con e-parent\" data-id=\"8e004f4\" data-element_type=\"container\">\n\t\t\t\t\t<div class=\"e-con-inner\">\n\t\t\t\t<div class=\"elementor-element elementor-element-e5195cb elementor-widget elementor-widget-spacer\" data-id=\"e5195cb\" data-element_type=\"widget\" data-widget_type=\"spacer.default\">\n\t\t\t\t<div class=\"elementor-widget-container\">\n\t\t\t\t\t<div class=\"elementor-spacer\">\n\t\t\t<div class=\"elementor-spacer-inner\"><\/div>\n\t\t<\/div>\n\t\t\t\t<\/div>\n\t\t\t\t<\/div>\n\t\t\t\t\t<\/div>\n\t\t\t\t<\/div>\n\t\t<div class=\"has_eae_slider elementor-element elementor-element-000638e e-flex e-con-boxed e-con e-parent\" data-id=\"000638e\" data-element_type=\"container\" data-settings=\"{&quot;background_background&quot;:&quot;classic&quot;}\">\n\t\t\t\t\t<div class=\"e-con-inner\">\n\t\t\t\t<div class=\"elementor-element elementor-element-a033271 elementor-widget elementor-widget-heading\" data-id=\"a033271\" data-element_type=\"widget\" data-widget_type=\"heading.default\">\n\t\t\t\t<div class=\"elementor-widget-container\">\n\t\t\t<h2 class=\"elementor-heading-title elementor-size-default\">Besoin d'une d\u00e9mo ? <\/h2>\t\t<\/div>\n\t\t\t\t<\/div>\n\t\t\t\t<div class=\"elementor-element elementor-element-d436f43 elementor-widget elementor-widget-text-editor\" data-id=\"d436f43\" data-element_type=\"widget\" data-widget_type=\"text-editor.default\">\n\t\t\t\t<div class=\"elementor-widget-container\">\n\t\t\t\t\t\t\t<p><span style=\"font-weight: 400;\">multiCAM Systems est pr\u00e9sent\u00e9 \u00e0 l&rsquo;occasion de divers \u00e9v\u00e9nements dans le monde entier (<\/span><span style=\"font-weight: 400;\">IBC<\/span><span style=\"font-weight: 400;\">, <\/span><span style=\"font-weight: 400;\">ISE<\/span><span style=\"font-weight: 400;\">, <\/span><span style=\"font-weight: 400;\">NAB<\/span><span style=\"font-weight: 400;\">, <\/span><span style=\"font-weight: 400;\">Cabsat<\/span><span style=\"font-weight: 400;\">, <\/span><span style=\"font-weight: 400;\">Infocomm<\/span><span style=\"font-weight: 400;\">, etc\u2026). Inscrivez-vous \u00e0 notre lettre d&rsquo;information pour recevoir des informations sur notre tourn\u00e9e des salons.<\/span><\/p>\n<p><span style=\"font-weight: 400;\">Nous organisons \u00e9galement des Opendays dans diff\u00e9rents pays.<\/span><span style=\"font-weight: 400;\">Contacter nos partenaires<\/span><span style=\"font-weight: 400;\"> pour savoir quand aura lieu la prochaine \u00e9dition pr\u00e8s de chez vous ! <\/span><span style=\"font-weight: 400;\">Une r\u00e9union en ligne peut \u00eatre programm\u00e9e \u00e0 tout moment pour une d\u00e9monstration en ligne et en priv\u00e9. <\/span><span style=\"font-weight: 400;\">Contactez nous<\/span><span style=\"font-weight: 400;\"> directement !<\/span><\/p>\n\t\t\t\t\t\t<\/div>\n\t\t\t\t<\/div>\n\t\t<div class=\"has_eae_slider elementor-element elementor-element-e97d436 e-flex e-con-boxed e-con e-child\" data-id=\"e97d436\" data-element_type=\"container\">\n\t\t\t\t\t<div class=\"e-con-inner\">\n\t\t\t\t<div class=\"elementor-element elementor-element-dea19a9 elementor-align-center elementor-widget elementor-widget-button\" data-id=\"dea19a9\" data-element_type=\"widget\" data-widget_type=\"button.default\">\n\t\t\t\t<div class=\"elementor-widget-container\">\n\t\t\t\t\t<div class=\"elementor-button-wrapper\">\n\t\t\t<a class=\"elementor-button elementor-button-link elementor-size-sm\" href=\"https:\/\/dev.multicam-systems.com\/fr\/contact\/\">\n\t\t\t\t\t\t<span class=\"elementor-button-content-wrapper\">\n\t\t\t\t\t\t\t\t\t<span class=\"elementor-button-text\">NEWSLETTER<\/span>\n\t\t\t\t\t<\/span>\n\t\t\t\t\t<\/a>\n\t\t<\/div>\n\t\t\t\t<\/div>\n\t\t\t\t<\/div>\n\t\t\t\t<div class=\"elementor-element elementor-element-d040773 elementor-align-center elementor-widget elementor-widget-button\" data-id=\"d040773\" data-element_type=\"widget\" data-widget_type=\"button.default\">\n\t\t\t\t<div class=\"elementor-widget-container\">\n\t\t\t\t\t<div class=\"elementor-button-wrapper\">\n\t\t\t<a class=\"elementor-button elementor-button-link elementor-size-sm\" href=\"https:\/\/dev.multicam-systems.com\/fr\/acheter\/\">\n\t\t\t\t\t\t<span class=\"elementor-button-content-wrapper\">\n\t\t\t\t\t\t\t\t\t<span class=\"elementor-button-text\">R\u00c9SEAU DE PARTENAIRES<\/span>\n\t\t\t\t\t<\/span>\n\t\t\t\t\t<\/a>\n\t\t<\/div>\n\t\t\t\t<\/div>\n\t\t\t\t<\/div>\n\t\t\t\t<div class=\"elementor-element elementor-element-bc053cc elementor-align-center elementor-widget elementor-widget-button\" data-id=\"bc053cc\" data-element_type=\"widget\" data-widget_type=\"button.default\">\n\t\t\t\t<div class=\"elementor-widget-container\">\n\t\t\t\t\t<div class=\"elementor-button-wrapper\">\n\t\t\t<a class=\"elementor-button elementor-button-link elementor-size-sm\" href=\"https:\/\/dev.multicam-systems.com\/fr\/contact\/\">\n\t\t\t\t\t\t<span class=\"elementor-button-content-wrapper\">\n\t\t\t\t\t\t\t\t\t<span class=\"elementor-button-text\">R\u00c9SERVEZ UNE D\u00c9MONSTRATION<\/span>\n\t\t\t\t\t<\/span>\n\t\t\t\t\t<\/a>\n\t\t<\/div>\n\t\t\t\t<\/div>\n\t\t\t\t<\/div>\n\t\t\t\t\t<\/div>\n\t\t\t\t<\/div>\n\t\t\t\t\t<\/div>\n\t\t\t\t<\/div>\n\t\t\t\t<\/div>\n\t\t","protected":false},"excerpt":{"rendered":"<p>mCAM PTZ Cameras 1 position, 100 angles de tir Les solutions multiCAM sont compatibles avec la plupart des cam\u00e9ras PTZ du march\u00e9, y compris l&rsquo;ensemble de la gamme SONY, PANASONIC, LUMENS et PTZ OPTICS. V\u00e9rifiez ici si votre mod\u00e8le d&rsquo;appareil photo est actuellement pris en charge par nos solutions : https:\/\/support.multicam-systems.com\/hc\/en-us\/articles\/360007181694-Supported-cameras N&rsquo;oubliez pas que seuls [&hellip;]<\/p>\n","protected":false},"author":3,"featured_media":0,"parent":0,"menu_order":0,"comment_status":"closed","ping_status":"closed","template":"","meta":{"footnotes":""},"class_list":["post-6844","page","type-page","status-publish","hentry"],"aioseo_notices":[],"_links":{"self":[{"href":"https:\/\/dev.multicam-systems.com\/fr\/wp-json\/wp\/v2\/pages\/6844"}],"collection":[{"href":"https:\/\/dev.multicam-systems.com\/fr\/wp-json\/wp\/v2\/pages"}],"about":[{"href":"https:\/\/dev.multicam-systems.com\/fr\/wp-json\/wp\/v2\/types\/page"}],"author":[{"embeddable":true,"href":"https:\/\/dev.multicam-systems.com\/fr\/wp-json\/wp\/v2\/users\/3"}],"replies":[{"embeddable":true,"href":"https:\/\/dev.multicam-systems.com\/fr\/wp-json\/wp\/v2\/comments?post=6844"}],"version-history":[{"count":0,"href":"https:\/\/dev.multicam-systems.com\/fr\/wp-json\/wp\/v2\/pages\/6844\/revisions"}],"wp:attachment":[{"href":"https:\/\/dev.multicam-systems.com\/fr\/wp-json\/wp\/v2\/media?parent=6844"}],"curies":[{"name":"wp","href":"https:\/\/api.w.org\/{rel}","templated":true}]}}