{"id":6832,"date":"2023-09-20T10:57:44","date_gmt":"2023-09-20T08:57:44","guid":{"rendered":"https:\/\/www.multicam-systems.com\/serveur-backdrop\/"},"modified":"2024-08-07T10:55:04","modified_gmt":"2024-08-07T08:55:04","slug":"serveur-backdrop","status":"publish","type":"page","link":"https:\/\/dev.multicam-systems.com\/fr\/serveur-backdrop\/","title":{"rendered":"SERVEUR BACKDROP"},"content":{"rendered":"\t\t<div data-elementor-type=\"wp-page\" data-elementor-id=\"6832\" class=\"elementor elementor-6832 elementor-3095\" data-elementor-post-type=\"page\">\n\t\t\t\t<div class=\"has_eae_slider elementor-element elementor-element-a635596 e-flex e-con-boxed e-con e-parent\" data-id=\"a635596\" data-element_type=\"container\" data-settings=\"{&quot;background_background&quot;:&quot;classic&quot;}\">\n\t\t\t\t\t<div class=\"e-con-inner\">\n\t\t\t\t<div class=\"elementor-element elementor-element-1974f8f elementor-widget elementor-widget-heading\" data-id=\"1974f8f\" data-element_type=\"widget\" data-widget_type=\"heading.default\">\n\t\t\t\t<div class=\"elementor-widget-container\">\n\t\t\t<h2 class=\"elementor-heading-title elementor-size-default\">CHOISISSEZ VOTRE BO\u00ceTIER DE <b>SERVEUR DE PRODUCTION VIRTUEL<\/b><\/h2>\t\t<\/div>\n\t\t\t\t<\/div>\n\t\t\t\t<div class=\"elementor-element elementor-element-ed7368a elementor-widget elementor-widget-image\" data-id=\"ed7368a\" data-element_type=\"widget\" data-widget_type=\"image.default\">\n\t\t\t\t<div class=\"elementor-widget-container\">\n\t\t\t\t\t\t\t\t\t\t\t\t\t<img fetchpriority=\"high\" decoding=\"async\" width=\"1142\" height=\"319\" src=\"https:\/\/dev.multicam-systems.com\/wp-content\/uploads\/2023\/09\/multiCAM-BOX-_JIM0810-3.png\" class=\"attachment-full size-full wp-image-3038\" alt=\"\" srcset=\"https:\/\/dev.multicam-systems.com\/wp-content\/uploads\/2023\/09\/multiCAM-BOX-_JIM0810-3.png 1142w, https:\/\/dev.multicam-systems.com\/wp-content\/uploads\/2023\/09\/multiCAM-BOX-_JIM0810-3-300x84.png 300w, https:\/\/dev.multicam-systems.com\/wp-content\/uploads\/2023\/09\/multiCAM-BOX-_JIM0810-3-1024x286.png 1024w, https:\/\/dev.multicam-systems.com\/wp-content\/uploads\/2023\/09\/multiCAM-BOX-_JIM0810-3-768x215.png 768w\" sizes=\"(max-width: 1142px) 100vw, 1142px\" \/>\t\t\t\t\t\t\t\t\t\t\t\t\t<\/div>\n\t\t\t\t<\/div>\n\t\t<div class=\"has_eae_slider elementor-element elementor-element-ec05ea3 e-flex e-con-boxed e-con e-child\" data-id=\"ec05ea3\" data-element_type=\"container\">\n\t\t\t\t\t<div class=\"e-con-inner\">\n\t\t\t\t<div class=\"elementor-element elementor-element-8f524d0 elementor-widget__width-initial elementor-widget elementor-widget-text-editor\" data-id=\"8f524d0\" data-element_type=\"widget\" data-widget_type=\"text-editor.default\">\n\t\t\t\t<div class=\"elementor-widget-container\">\n\t\t\t\t\t\t\t<p>Nous proposons diff\u00e9rentes options de bo\u00eetiers serveurs pour 3D Real-Time puissants<br \/>machines.<br \/>Vous pouvez \u00e9galement commander des serveurs personnalis\u00e9s si vous avez besoin d\u2019un mat\u00e9riel, d\u2019une technologie sp\u00e9cifique ou cartes de capture.<\/p>\n\t\t\t\t\t\t<\/div>\n\t\t\t\t<\/div>\n\t\t\t\t\t<\/div>\n\t\t\t\t<\/div>\n\t\t\t\t\t<\/div>\n\t\t\t\t<\/div>\n\t\t<div class=\"has_eae_slider elementor-element elementor-element-c86b814 e-grid e-con-boxed e-con e-parent\" data-id=\"c86b814\" data-element_type=\"container\">\n\t\t\t\t\t<div class=\"e-con-inner\">\n\t\t<div class=\"has_eae_slider elementor-element elementor-element-d2b3162 e-flex e-con-boxed e-con e-child\" data-id=\"d2b3162\" data-element_type=\"container\">\n\t\t\t\t\t<div class=\"e-con-inner\">\n\t\t<div class=\"has_eae_slider elementor-element elementor-element-8853042 e-flex e-con-boxed e-con e-child\" data-id=\"8853042\" data-element_type=\"container\">\n\t\t\t\t\t<div class=\"e-con-inner\">\n\t\t\t\t<div class=\"elementor-element elementor-element-17ba349 elementor-widget elementor-widget-image\" data-id=\"17ba349\" data-element_type=\"widget\" data-widget_type=\"image.default\">\n\t\t\t\t<div class=\"elementor-widget-container\">\n\t\t\t\t\t\t\t\t\t\t\t\t\t<img decoding=\"async\" width=\"800\" height=\"334\" src=\"https:\/\/dev.multicam-systems.com\/wp-content\/uploads\/2023\/09\/backplate-3d-lite--1024x427.png\" class=\"attachment-large size-large wp-image-3107\" alt=\"\" srcset=\"https:\/\/dev.multicam-systems.com\/wp-content\/uploads\/2023\/09\/backplate-3d-lite--1024x427.png 1024w, https:\/\/dev.multicam-systems.com\/wp-content\/uploads\/2023\/09\/backplate-3d-lite--300x125.png 300w, https:\/\/dev.multicam-systems.com\/wp-content\/uploads\/2023\/09\/backplate-3d-lite--768x320.png 768w, https:\/\/dev.multicam-systems.com\/wp-content\/uploads\/2023\/09\/backplate-3d-lite-.png 1243w\" sizes=\"(max-width: 800px) 100vw, 800px\" \/>\t\t\t\t\t\t\t\t\t\t\t\t\t<\/div>\n\t\t\t\t<\/div>\n\t\t\t\t\t<\/div>\n\t\t\t\t<\/div>\n\t\t\t\t<div class=\"elementor-element elementor-element-2bcc576 elementor-widget elementor-widget-heading\" data-id=\"2bcc576\" data-element_type=\"widget\" data-widget_type=\"heading.default\">\n\t\t\t\t<div class=\"elementor-widget-container\">\n\t\t\t<h2 class=\"elementor-heading-title elementor-size-default\">MULTICAM BACKDROP LITE BOX<\/h2>\t\t<\/div>\n\t\t\t\t<\/div>\n\t\t\t\t<div class=\"elementor-element elementor-element-3a33a40 elementor-widget elementor-widget-text-editor\" data-id=\"3a33a40\" data-element_type=\"widget\" data-widget_type=\"text-editor.default\">\n\t\t\t\t<div class=\"elementor-widget-container\">\n\t\t\t\t\t\t\t<p>Le bo\u00eetier MULTICAM Backdrop Lite est une station 3D en temps r\u00e9el tr\u00e8s puissante offrant une sortie 4K pour \u00e9cran LED et pouvant d\u00e9livrer des xR pour une cam\u00e9ra.<\/p>\n\t\t\t\t\t\t<\/div>\n\t\t\t\t<\/div>\n\t\t\t\t<div class=\"elementor-element elementor-element-db6d5b9 elementor-widget elementor-widget-heading\" data-id=\"db6d5b9\" data-element_type=\"widget\" data-widget_type=\"heading.default\">\n\t\t\t\t<div class=\"elementor-widget-container\">\n\t\t\t<h2 class=\"elementor-heading-title elementor-size-default\">SP\u00c9CIFICATION :<\/h2>\t\t<\/div>\n\t\t\t\t<\/div>\n\t\t\t\t<div class=\"elementor-element elementor-element-39c79db elementor-widget elementor-widget-text-editor\" data-id=\"39c79db\" data-element_type=\"widget\" data-widget_type=\"text-editor.default\">\n\t\t\t\t<div class=\"elementor-widget-container\">\n\t\t\t\t\t\t\t<p><strong>Video inputs\/outputs<\/strong><\/p>\n<ul>\n<li><span style=\"color: #bb0104;\">4x HD-SDI<\/span> inputs ou output<br \/>(assignable)<\/li>\n<li><span style=\"color: #bb0104;\">1x Genlock<\/span><\/li>\n<\/ul>\n<p><strong>Carte graphique<\/strong><\/p>\n<div>\n<ul>\n<li style=\"color: #bb0104;\">1x DisplayPort<br \/>(r\u00e9solution 4K pour les LED)<\/li>\n<li>1x DisplayPort (GUI)<\/li>\n<\/ul>\n<\/div>\n<p><strong>Dimensions <\/strong><\/p>\n<ul>\n<li>482mm (19\u2019\u2019) W x 133mm (3U)<br \/>H x 300mm D<\/li>\n<\/ul>\n<p>(emball\u00e9 : 550mm W x 240mm<br \/>H x 480mm D)<\/p>\n<p><strong>Poids<\/strong><\/p>\n<p>5,5 kg (emball\u00e9 : 8kg)<\/p>\n<p><strong>CPU\/RAM<\/strong><\/p>\n<ul>\n<li><span style=\"color: #bb0104;\">CORE i9-12900F<\/span> 16xCores 24xThreads<br \/>2.4\/5.1GHz 14MB Cach<\/li>\n<li style=\"color: #bb0104;\">32GB DDR5<\/li>\n<\/ul>\n<p><strong>R\u00e9seau<\/strong><\/p>\n<ul>\n<li>2x Gigabit LAN<\/li>\n<\/ul>\n<p><strong>Stockage\/P\u00e9riph\u00e9riques<\/strong><\/p>\n<ul>\n<li>1x 250GB SSD Hard Drive (System)<br \/>1x 500GB SSD Hard Drive (Data)<br \/>4x USB 2.0<br \/>5x USB 3.1 (USB-A)<br \/>1x USB 3.1 (USB-C)<\/li>\n<\/ul>\n<p><strong>Syst\u00e8me d&rsquo;exploitation<\/strong><\/p>\n<ul>\n<li>Windows 10 Pro 64bits<\/li>\n<\/ul>\n\t\t\t\t\t\t<\/div>\n\t\t\t\t<\/div>\n\t\t\t\t\t<\/div>\n\t\t\t\t<\/div>\n\t\t<div class=\"has_eae_slider elementor-element elementor-element-d9a00a0 e-flex e-con-boxed e-con e-child\" data-id=\"d9a00a0\" data-element_type=\"container\">\n\t\t\t\t\t<div class=\"e-con-inner\">\n\t\t<div class=\"has_eae_slider elementor-element elementor-element-75a6f67 e-flex e-con-boxed e-con e-child\" data-id=\"75a6f67\" data-element_type=\"container\">\n\t\t\t\t\t<div class=\"e-con-inner\">\n\t\t\t\t<div class=\"elementor-element elementor-element-4489b5d elementor-widget elementor-widget-image\" data-id=\"4489b5d\" data-element_type=\"widget\" data-widget_type=\"image.default\">\n\t\t\t\t<div class=\"elementor-widget-container\">\n\t\t\t\t\t\t\t\t\t\t\t\t\t<img decoding=\"async\" width=\"800\" height=\"334\" src=\"https:\/\/dev.multicam-systems.com\/wp-content\/uploads\/2023\/09\/backplate-3D-1024x427.png\" class=\"attachment-large size-large wp-image-3108\" alt=\"\" srcset=\"https:\/\/dev.multicam-systems.com\/wp-content\/uploads\/2023\/09\/backplate-3D-1024x427.png 1024w, https:\/\/dev.multicam-systems.com\/wp-content\/uploads\/2023\/09\/backplate-3D-300x125.png 300w, https:\/\/dev.multicam-systems.com\/wp-content\/uploads\/2023\/09\/backplate-3D-768x320.png 768w, https:\/\/dev.multicam-systems.com\/wp-content\/uploads\/2023\/09\/backplate-3D.png 1243w\" sizes=\"(max-width: 800px) 100vw, 800px\" \/>\t\t\t\t\t\t\t\t\t\t\t\t\t<\/div>\n\t\t\t\t<\/div>\n\t\t\t\t\t<\/div>\n\t\t\t\t<\/div>\n\t\t\t\t<div class=\"elementor-element elementor-element-7edcc29 elementor-widget elementor-widget-heading\" data-id=\"7edcc29\" data-element_type=\"widget\" data-widget_type=\"heading.default\">\n\t\t\t\t<div class=\"elementor-widget-container\">\n\t\t\t<h2 class=\"elementor-heading-title elementor-size-default\">MULTICAM BACKDROP PRO BOX<\/h2>\t\t<\/div>\n\t\t\t\t<\/div>\n\t\t\t\t<div class=\"elementor-element elementor-element-565cead elementor-widget elementor-widget-text-editor\" data-id=\"565cead\" data-element_type=\"widget\" data-widget_type=\"text-editor.default\">\n\t\t\t\t<div class=\"elementor-widget-container\">\n\t\t\t\t\t\t\t<p>Le bo\u00eetier MULTICAM <a href=\"https:\/\/dev.multicam-systems.com\/fr\/multicam-backdrop\/\">Backdrop <\/a>Pro est une station 3D en temps r\u00e9el tr\u00e8s puissante qui offre trois fonctionnalit\u00e9s, sorties 4K synchronis\u00e9e pour l\u2019\u00e9cran LED et peut fournir xR et AR pour plusieurs cam\u00e9ras.<\/p>\n\t\t\t\t\t\t<\/div>\n\t\t\t\t<\/div>\n\t\t\t\t<div class=\"elementor-element elementor-element-4c70bcc elementor-widget elementor-widget-heading\" data-id=\"4c70bcc\" data-element_type=\"widget\" data-widget_type=\"heading.default\">\n\t\t\t\t<div class=\"elementor-widget-container\">\n\t\t\t<h2 class=\"elementor-heading-title elementor-size-default\">SP\u00c9CIFICATION :<\/h2>\t\t<\/div>\n\t\t\t\t<\/div>\n\t\t\t\t<div class=\"elementor-element elementor-element-f89d09c elementor-widget elementor-widget-text-editor\" data-id=\"f89d09c\" data-element_type=\"widget\" data-widget_type=\"text-editor.default\">\n\t\t\t\t<div class=\"elementor-widget-container\">\n\t\t\t\t\t\t\t<p><strong>Video inputs\/outputs<\/strong><\/p>\n<ul>\n<li><span style=\"color: #bb0104;\">4x HD\/SDI<\/span> inputs or output<br \/>(assignable)<\/li>\n<li><span style=\"color: #bb0104;\">1x Genlock<\/span><\/li>\n<\/ul>\n<p><strong>Carte graphique<\/strong><\/p>\n<div>\n<ul>\n<li style=\"color: #bb0104;\">3x DisplayPort <br \/>(r\u00e9solution 4K pour les LED)<\/li>\n<li>1x DisplayPort (GUI)<\/li>\n<\/ul>\n<\/div>\n<p><strong>Dimensions <\/strong><\/p>\n<ul>\n<li>482mm (19\u2019\u2019) W x 133mm (3U)<br \/>H x 300mm D<\/li>\n<\/ul>\n<p>(emball\u00e9 : 550mm W x 240mm<br \/>H x 480mm D)<\/p>\n<p><strong>Poids<\/strong><\/p>\n<p>5,5 kg (emball\u00e9 : 8kg)<\/p>\n<p><strong>CPU\/RAM<\/strong><\/p>\n<ul>\n<li><span style=\"color: #bb0104;\">CORE i9-12900F <\/span>16xCores 24xThreads<br \/>2.4\/5.1GHz 14MB Cach<\/li>\n<li style=\"color: #bb0104;\">32GB DDR5<\/li>\n<\/ul>\n<p><strong>R\u00e9seau<\/strong><\/p>\n<ul>\n<li>2x Gigabit LAN<\/li>\n<\/ul>\n<p><strong>Stockage\/P\u00e9riph\u00e9riques<\/strong><\/p>\n<ul>\n<li>1x 250GB SSD Hard Drive (System)<br \/>1x 500GB SSD Hard Drive (Data)<br \/>4x USB 2.0<br \/>5x USB 3.1 (USB-A)<br \/>1x USB 3.1 (USB-C)<\/li>\n<\/ul>\n<p><strong>Syst\u00e8me d&rsquo;exploitation<\/strong><\/p>\n<ul>\n<li>Windows 10 Pro 64bits<\/li>\n<\/ul>\n\t\t\t\t\t\t<\/div>\n\t\t\t\t<\/div>\n\t\t\t\t\t<\/div>\n\t\t\t\t<\/div>\n\t\t\t\t\t<\/div>\n\t\t\t\t<\/div>\n\t\t<div class=\"has_eae_slider elementor-element elementor-element-903ed4a e-flex e-con-boxed e-con e-parent\" data-id=\"903ed4a\" data-element_type=\"container\">\n\t\t\t\t\t<div class=\"e-con-inner\">\n\t\t\t\t<div class=\"elementor-element elementor-element-b4d4ed2 elementor-widget elementor-widget-spacer\" data-id=\"b4d4ed2\" data-element_type=\"widget\" data-widget_type=\"spacer.default\">\n\t\t\t\t<div class=\"elementor-widget-container\">\n\t\t\t\t\t<div class=\"elementor-spacer\">\n\t\t\t<div class=\"elementor-spacer-inner\"><\/div>\n\t\t<\/div>\n\t\t\t\t<\/div>\n\t\t\t\t<\/div>\n\t\t\t\t\t<\/div>\n\t\t\t\t<\/div>\n\t\t<div class=\"has_eae_slider elementor-element elementor-element-17b68cc elementor-hidden-tablet elementor-hidden-mobile e-flex e-con-boxed e-con e-parent\" data-id=\"17b68cc\" data-element_type=\"container\">\n\t\t\t\t\t<div class=\"e-con-inner\">\n\t\t\t\t\t<\/div>\n\t\t\t\t<\/div>\n\t\t<div class=\"has_eae_slider elementor-element elementor-element-fe4cfcd e-flex e-con-boxed e-con e-parent\" data-id=\"fe4cfcd\" data-element_type=\"container\">\n\t\t\t\t\t<div class=\"e-con-inner\">\n\t\t\t\t<div class=\"elementor-element elementor-element-ca9e2f7 elementor-widget elementor-widget-spacer\" data-id=\"ca9e2f7\" data-element_type=\"widget\" data-widget_type=\"spacer.default\">\n\t\t\t\t<div class=\"elementor-widget-container\">\n\t\t\t\t\t<div class=\"elementor-spacer\">\n\t\t\t<div class=\"elementor-spacer-inner\"><\/div>\n\t\t<\/div>\n\t\t\t\t<\/div>\n\t\t\t\t<\/div>\n\t\t\t\t\t<\/div>\n\t\t\t\t<\/div>\n\t\t<div class=\"has_eae_slider elementor-element elementor-element-dc8aaac e-flex e-con-boxed e-con e-parent\" data-id=\"dc8aaac\" data-element_type=\"container\">\n\t\t\t\t\t<div class=\"e-con-inner\">\n\t\t<a class=\"has_eae_slider elementor-element elementor-element-d9e7bb8 e-con-full e-flex e-con e-child\" data-id=\"d9e7bb8\" data-element_type=\"container\" data-settings=\"{&quot;background_background&quot;:&quot;classic&quot;}\" href=\"https:\/\/dev.multicam-systems.com\/fr\/all-in-one\/\">\n\t\t\t\t<div class=\"elementor-element elementor-element-61aa40c elementor-widget elementor-widget-heading\" data-id=\"61aa40c\" data-element_type=\"widget\" data-widget_type=\"heading.default\">\n\t\t\t\t<div class=\"elementor-widget-container\">\n\t\t\t<h2 class=\"elementor-heading-title elementor-size-default\">SOLUTIONS<\/h2>\t\t<\/div>\n\t\t\t\t<\/div>\n\t\t\t\t<div class=\"elementor-element elementor-element-a487143 elementor-widget elementor-widget-heading\" data-id=\"a487143\" data-element_type=\"widget\" data-widget_type=\"heading.default\">\n\t\t\t\t<div class=\"elementor-widget-container\">\n\t\t\t<h2 class=\"elementor-heading-title elementor-size-default\">TOUT EN UN<\/h2>\t\t<\/div>\n\t\t\t\t<\/div>\n\t\t\t\t<\/a>\n\t\t<a class=\"has_eae_slider elementor-element elementor-element-74cc276 e-con-full e-flex e-con e-child\" data-id=\"74cc276\" data-element_type=\"container\" data-settings=\"{&quot;background_background&quot;:&quot;classic&quot;}\" href=\"https:\/\/dev.multicam-systems.com\/fr\/systemes-robotiques\/\">\n\t\t\t\t<div class=\"elementor-element elementor-element-7c87a55 elementor-widget elementor-widget-heading\" data-id=\"7c87a55\" data-element_type=\"widget\" data-widget_type=\"heading.default\">\n\t\t\t\t<div class=\"elementor-widget-container\">\n\t\t\t<h2 class=\"elementor-heading-title elementor-size-default\">SYST\u00c8MES<\/h2>\t\t<\/div>\n\t\t\t\t<\/div>\n\t\t\t\t<div class=\"elementor-element elementor-element-c131dd9 elementor-widget elementor-widget-heading\" data-id=\"c131dd9\" data-element_type=\"widget\" data-widget_type=\"heading.default\">\n\t\t\t\t<div class=\"elementor-widget-container\">\n\t\t\t<h2 class=\"elementor-heading-title elementor-size-default\">ROBOTIQUE<\/h2>\t\t<\/div>\n\t\t\t\t<\/div>\n\t\t\t\t<\/a>\n\t\t<a class=\"has_eae_slider elementor-element elementor-element-a64b303 e-con-full e-flex e-con e-child\" data-id=\"a64b303\" data-element_type=\"container\" data-settings=\"{&quot;background_background&quot;:&quot;classic&quot;}\" href=\"https:\/\/dev.multicam-systems.com\/fr\/solutions-virtuelles\/\">\n\t\t\t\t<div class=\"elementor-element elementor-element-8057f9c elementor-widget elementor-widget-heading\" data-id=\"8057f9c\" data-element_type=\"widget\" data-widget_type=\"heading.default\">\n\t\t\t\t<div class=\"elementor-widget-container\">\n\t\t\t<h2 class=\"elementor-heading-title elementor-size-default\">PRODUCTIONS<\/h2>\t\t<\/div>\n\t\t\t\t<\/div>\n\t\t\t\t<div class=\"elementor-element elementor-element-de3b61f elementor-widget elementor-widget-heading\" data-id=\"de3b61f\" data-element_type=\"widget\" data-widget_type=\"heading.default\">\n\t\t\t\t<div class=\"elementor-widget-container\">\n\t\t\t<h2 class=\"elementor-heading-title elementor-size-default\">VIRTUELLES<\/h2>\t\t<\/div>\n\t\t\t\t<\/div>\n\t\t\t\t<\/a>\n\t\t\t\t\t<\/div>\n\t\t\t\t<\/div>\n\t\t<div class=\"has_eae_slider elementor-element elementor-element-efc59de e-flex e-con-boxed e-con e-parent\" data-id=\"efc59de\" data-element_type=\"container\">\n\t\t\t\t\t<div class=\"e-con-inner\">\n\t\t\t\t<div class=\"elementor-element elementor-element-2bf8d91 elementor-widget elementor-widget-spacer\" data-id=\"2bf8d91\" data-element_type=\"widget\" data-widget_type=\"spacer.default\">\n\t\t\t\t<div class=\"elementor-widget-container\">\n\t\t\t\t\t<div class=\"elementor-spacer\">\n\t\t\t<div class=\"elementor-spacer-inner\"><\/div>\n\t\t<\/div>\n\t\t\t\t<\/div>\n\t\t\t\t<\/div>\n\t\t\t\t\t<\/div>\n\t\t\t\t<\/div>\n\t\t\t\t<\/div>\n\t\t","protected":false},"excerpt":{"rendered":"<p>CHOISISSEZ VOTRE BO\u00ceTIER DE SERVEUR DE PRODUCTION VIRTUEL Nous proposons diff\u00e9rentes options de bo\u00eetiers serveurs pour 3D Real-Time puissantsmachines.Vous pouvez \u00e9galement commander des serveurs personnalis\u00e9s si vous avez besoin d\u2019un mat\u00e9riel, d\u2019une technologie sp\u00e9cifique ou cartes de capture. MULTICAM BACKDROP LITE BOX Le bo\u00eetier MULTICAM Backdrop Lite est une station 3D en temps r\u00e9el tr\u00e8s [&hellip;]<\/p>\n","protected":false},"author":3,"featured_media":0,"parent":0,"menu_order":0,"comment_status":"closed","ping_status":"closed","template":"","meta":{"footnotes":""},"class_list":["post-6832","page","type-page","status-publish","hentry"],"aioseo_notices":[],"_links":{"self":[{"href":"https:\/\/dev.multicam-systems.com\/fr\/wp-json\/wp\/v2\/pages\/6832"}],"collection":[{"href":"https:\/\/dev.multicam-systems.com\/fr\/wp-json\/wp\/v2\/pages"}],"about":[{"href":"https:\/\/dev.multicam-systems.com\/fr\/wp-json\/wp\/v2\/types\/page"}],"author":[{"embeddable":true,"href":"https:\/\/dev.multicam-systems.com\/fr\/wp-json\/wp\/v2\/users\/3"}],"replies":[{"embeddable":true,"href":"https:\/\/dev.multicam-systems.com\/fr\/wp-json\/wp\/v2\/comments?post=6832"}],"version-history":[{"count":2,"href":"https:\/\/dev.multicam-systems.com\/fr\/wp-json\/wp\/v2\/pages\/6832\/revisions"}],"predecessor-version":[{"id":10314,"href":"https:\/\/dev.multicam-systems.com\/fr\/wp-json\/wp\/v2\/pages\/6832\/revisions\/10314"}],"wp:attachment":[{"href":"https:\/\/dev.multicam-systems.com\/fr\/wp-json\/wp\/v2\/media?parent=6832"}],"curies":[{"name":"wp","href":"https:\/\/api.w.org\/{rel}","templated":true}]}}